{"id":415,"date":"2021-06-15T11:22:28","date_gmt":"2021-06-15T11:22:28","guid":{"rendered":"https:\/\/bebposidonia.com\/?page_id=415"},"modified":"2023-09-20T18:11:39","modified_gmt":"2023-09-20T18:11:39","slug":"regolamento-di-struttura","status":"publish","type":"page","link":"https:\/\/bebposidonia.com\/en\/regolamento-di-struttura\/","title":{"rendered":"REGOLAMENTO DI STRUTTURA"},"content":{"rendered":"\n<div class=\"wp-block-group\"><div class=\"wp-block-group__inner-container is-layout-constrained wp-block-group-is-layout-constrained\">\n<div class=\"wp-block-group\"><div class=\"wp-block-group__inner-container is-layout-constrained wp-block-group-is-layout-constrained\">\n<div class=\"wp-block-group\"><div class=\"wp-block-group__inner-container is-layout-constrained wp-block-group-is-layout-constrained\">\n<div class=\"wp-block-group\"><div class=\"wp-block-group__inner-container is-layout-constrained wp-block-group-is-layout-constrained\">\n<div class=\"wp-block-jetpack-markdown\"><ol>\n<li>SERVIZI<\/li>\n<\/ol>\n<p>Tutti i servizi, incluso il parcheggio, hanno inizio al check-in e terminano al check-out. \u00c8 vietato l\u2019utilizzo di oggetti in dotazione (ad es. asciugamani) al di fuori della struttura e per usi impropri. \u00c8 vietato cambiare disposizione di mobili e accessori all\u2019interno delle camere e nelle parti comuni interne ed esterne.<\/p>\n<ol start=\"2\">\n<li>CHECK-IN E CHECK-OUT<\/li>\n<\/ol>\n<ul>\n<li>Check-in: a partire dalle ore 14:00;<\/li>\n<li>Check-out: entro le ore 11:00.<\/li>\n<\/ul>\n<p>Si raccomanda di attenersi agli orari di check-in e check-out previsti onde evitare inutili e disagevoli attese.<\/p>\n<ol start=\"3\">\n<li>CHECK-OUT TARDIVO<\/li>\n<\/ol>\n<p>Su richiesta e solo in caso di disponibilit\u00e0, l&#8217;ospite pu\u00f2 richiedere il check-out tardivo e utilizzare la camera e i connessi servizi (tranne pulizia giornaliera) fino alle ore 19:00. Il servizio ha un costo di:<\/p>\n<ul>\n<li>\u20ac 50,00 fino a 2 persone per camera;<\/li>\n<li>\u20ac 80,00 fino a 4 persone per camera.<\/li>\n<\/ul>\n<ol start=\"4\">\n<li>PAGAMENTO<\/li>\n<\/ol>\n<p>L\u2019intero importo della prenotazione deve essere pagato entro l\u2019arrivo in struttura.<\/p>\n<ol start=\"5\">\n<li>TASSA DI SOGGIORNO<\/li>\n<\/ol>\n<p>La tassa di soggiorno (\u20ac1,00 a notte per persona tra 12 e 75 anni) non \u00e8 inclusa nel prezzo e deve essere pagata in contanti all\u2019arrivo.<\/p>\n<ol start=\"6\">\n<li>CIBI E BEVANDE<\/li>\n<\/ol>\n<p>In tutta la struttura \u00e8 vietata la preparazione di alimenti. \u00c8 vietato il consumo di cibo in camera.<\/p>\n<ol start=\"7\">\n<li>SALA E ANGOLO RISTORO<\/li>\n<\/ol>\n<p>\u00c8 possibile consumare alimenti e bevande da asporto gi\u00e0 preparate, pronti all\u2019uso e adeguatamente confezionati e porzionati solamente nella SALA COLAZIONE (previa prenotazione) o negli spazi esterni attrezzati. \u00c8 possibile utilizzare l\u2019angolo ristoro per rapide e veloci operazioni riguardanti il consumo di alimenti provenienti dall\u2019esterno (apertura di confezioni, lavaggio di frutta, utilizzo del microonde). L\u2019ospite \u00e8 tenuto a pulire e riordinare gli spazi utilizzati per queste esigenze.<\/p>\n<ol start=\"8\">\n<li>UTILIZZO DEL MINI-FRIGO<\/li>\n<\/ol>\n<p>Per ragioni igienico-sanitarie, \u00e8 possibile introdurre nel mini-frigo in dotazione solamente bevande sigillate e piccole quantit\u00e0 di cibi gi\u00e0 preparati, pronti all\u2019uso e adeguatamente confezionati e porzionati. Non \u00e8 consentita la conservazione di alimenti non sigillati. NON SPOSTARE LA VASCHETTA nel mini-frigo.<\/p>\n<ol start=\"9\">\n<li>BIANCHERIA<\/li>\n<\/ol>\n<p>Per i soggiorni fino a 2 notti, non \u00e8 previsto cambio di biancheria da bagno n\u00e9 da letto, salvo diversi accordi.\nPer i soggiorni di durata superiore alle 2 notti, \u00e8 previsto il cambio biancheria da bagno ogni 2 giorni e ogni 4 per quella da letto.<\/p>\n<p>Cambi al fuori di quelli previsti sono soggetti a supplemento:<\/p>\n<ul>\n<li>\u20ac 5,00 per cambio extra di n. 1 set asciugamani;<\/li>\n<li>\u20ac 8,00 per cambio biancheria n. 1 letto singolo;<\/li>\n<li>\u20ac 10,00 per cambio biancheria n. 1 letto matrimoniale.<\/li>\n<\/ul>\n<p>Per la biancheria trattata con trascuratezza e\/o utilizzata impropriamente verr\u00e0 addebitato il costo di acquisto della stessa. Non rientrano nei cambi previsti durante il soggiorno quelli riguardanti: copriletti\/trapunte\/piumoni, cuscini e tappezzeria (tende) ornamentali, tappezzerie di divani e poltrone. Dette dotazioni vengono cambiate\/lavate\/sanificate all\u2019arrivo e alla partenza degli ospiti. Eventuali danni o macchie alle stesse sono soggetti a risarcimento da parte dell\u2019ospite.<\/p>\n<ol start=\"10\">\n<li>PULIZIE QUOTIDIANE<\/li>\n<\/ol>\n<p>Il servizio di pulizia quotidiana delle camere \u00e8 garantito, purch\u00e9 l\u2019ospite lasci la camera libera dalle ore 10,30. La camera torner\u00e0 a disposizione degli ospiti alla fine del giro di pulizie. Si raccomanda cortese collaborazione.<\/p>\n<ol start=\"11\">\n<li>ORARI DI RIPOSO<\/li>\n<\/ol>\n<p>Per il rispetto della quiete di tutti gli ospiti, sono previsti orari di riposo nelle seguenti fasce:<\/p>\n<ul>\n<li>NOTTURNA: dalle ore 00:00 alle ore 8:00;<\/li>\n<li>POMERIDIANA: Dalle ore 15:00 alle ore 17:00<\/li>\n<\/ul>\n<p>Soprattutto, in tali fasce orarie, gli ospiti sono tenuti a:<\/p>\n<ul>\n<li>Tenere basso il volume di tv, smartphone e di tutti i dispositivi di intrattenimento;<\/li>\n<li>tenere basso il tono della voce;<\/li>\n<li>limitare l\u2019uso di asciugacapelli al necessario;<\/li>\n<li>non utilizzare calzature rumorose (zoccoli in legno, tacchi ecc.);<\/li>\n<li>chiudere delicatamente porte\/portoni\/cancelli;<\/li>\n<li>osservare cautela e delicatezza evitando rumori molesti per una serena e quieta convivenza.<\/li>\n<\/ul>\n<ol start=\"12\">\n<li>OSPITI<\/li>\n<\/ol>\n<p>L\u2019 accesso alla struttura e i relativi servizi sono riservati ai soli ospiti. Non \u00e8 possibile ospitare o ricevere persone non previste dalla prenotazione.<\/p>\n<ol start=\"13\">\n<li>ANIMALI<\/li>\n<\/ol>\n<p>Purtroppo, i nostri amici animali non possono essere ospitati, salvo specifica accettazione da parte della struttura, ove ne sussistano le condizioni.<\/p>\n<ol start=\"14\">\n<li>WC<\/li>\n<\/ol>\n<p>\u00c8 vietato introdurre nel WC materiali impropri o, comunque, diversi dalla carta igienica in dotazione. Per questi materiali servirsi dell&#8217;apposita pattumiera presente in ogni bagno.<\/p>\n<ol start=\"15\">\n<li>RIFIUTI<\/li>\n<\/ol>\n<p>Per materiali e rifiuti non destinati alla pattumiera in camera, servirsi degli appositi contenitori per la RACCOLTA DIFFERENZIATA negli spazi comuni. Sigillare i pannolini usati negli appositi sacchetti e depositarli nel contenitore (indifferenziata) presente nel parcheggio.<\/p>\n<ol start=\"16\">\n<li>RIENTRO DALLE SPIAGGE<\/li>\n<\/ol>\n<p>Gli ospiti devono liberarsi dalla sabbia al rientro dalle spiagge e prima di accedere alla struttura. Si invita ad utilizzare l\u2019apposita fontana esterna per eliminare gli ultimi residui di sabbia. Accedere ai locali interni solamente una volta asciutti.\nSi invitano gli ospiti a mantenere un abbigliamento decoroso.\nNon \u00e8 consentito introdurre all&#8217;interno della struttura indumenti o teli da mare ancora umidi o sporchi di sabbia. Servirsi degli appositi stendibiancheria posti all\u2019esterno.<\/p>\n<ol start=\"17\">\n<li>BUCATO<\/li>\n<\/ol>\n<p>\u00c8 vietato fare il bucato. Servirsi delle lavanderie. Gli stendibiancheria sono stati predisposti esclusivamente per i costumi da bagno e i teli da mare.<\/p>\n<ol start=\"18\">\n<li>DANNI E DEPOSITO CAUZIONALE<\/li>\n<\/ol>\n<p>Durante il soggiorno, l\u2019ospite \u00e8 sempre responsabile di danni procurati alla struttura e ai dispositivi in dotazione, nonch\u00e9 dello smarrimento di oggetti appartenenti alla struttura (chiavi, telecomandi ecc.). L\u2019ospite \u00e8 tenuto a segnalare tempestivamente ogni danno, smarrimento o irregolarit\u00e0.<\/p>\n<p>Al Check-in: presa visione della camera insieme al personale di ricevimento, l\u2019ospite \u00e8 tenuto a segnalare immediatamente ogni vizio o difetto gi\u00e0 presente, prima che il personale si allontani, onde evitarne l\u2019addebito.<\/p>\n<p>Al Check-out: prima che l\u2019ospite lasci definitivamente la camera, \u00e8 previsto un sopralluogo insieme al personale, per verificare l\u2019assenza di danni o di smarrimento di oggetti. I danni e\/o gli smarrimenti rilevati dal personale durante il check-out sono addebitati all\u2019ospite.<\/p>\n<p>Salvo diversi accordi, \u00e8 previsto il versamento di un DEPOSITO CAUZIONALE che verr\u00e0 restituito in caso di assenza di danni o extra.<\/p>\n<\/div>\n<\/div><\/div>\n<\/div><\/div>\n<\/div><\/div>\n<\/div><\/div>\n\n\n\n<p class=\"has-text-align-center\"><strong>L\u2019OSPITE CHE SOGGIORNA PRESSO LA STRUTTURA ACCETTA IL PRESENTE REGOLAMENTO.<\/strong><\/p>\n\n\n\n<p class=\"has-text-align-center\"><strong><em>Il mancato rispetto del presente regolamento e\/o della legge costituisce motivo di allontanamento dalla struttura, senza diritto al rimborso degli importi gi\u00e0 pagati e\/o all\u2019abbuono di quanto ancora dovuto.<\/em><\/strong><\/p>\n","protected":false},"excerpt":{"rendered":"<p>L\u2019OSPITE CHE SOGGIORNA PRESSO LA STRUTTURA ACCETTA IL PRESENTE REGOLAMENTO. Il mancato rispetto del presente regolamento e\/o della legge costituisce motivo di allontanamento dalla struttura, senza diritto al rimborso degli importi gi\u00e0 pagati e\/o all\u2019abbuono di quanto ancora dovuto.<\/p>\n","protected":false},"author":1,"featured_media":0,"parent":0,"menu_order":0,"comment_status":"closed","ping_status":"closed","template":"","meta":{"footnotes":""},"class_list":["post-415","page","type-page","status-publish","hentry","pt-post-wrap"],"translation":{"provider":"WPGlobus","version":"3.0.2","language":"en","enabled_languages":["it","en"],"languages":{"it":{"title":true,"content":true,"excerpt":false},"en":{"title":false,"content":false,"excerpt":false}}},"yoast_head":"<!-- This site is optimized with the Yoast SEO plugin v27.0 - https:\/\/yoast.com\/product\/yoast-seo-wordpress\/ -->\n<title>REGOLAMENTO DI STRUTTURA - B&amp;B Posidonia<\/title>\n<meta name=\"robots\" content=\"index, follow, max-snippet:-1, max-image-preview:large, max-video-preview:-1\" \/>\n<link rel=\"canonical\" href=\"https:\/\/bebposidonia.com\/regolamento-di-struttura\/\" \/>\n<meta property=\"og:locale\" content=\"en_US\" \/>\n<meta property=\"og:type\" content=\"article\" \/>\n<meta property=\"og:title\" content=\"REGOLAMENTO DI STRUTTURA - B&amp;B Posidonia\" \/>\n<meta property=\"og:url\" content=\"https:\/\/bebposidonia.com\/regolamento-di-struttura\/\" \/>\n<meta property=\"og:site_name\" content=\"B&amp;B Posidonia\" \/>\n<meta property=\"article:publisher\" content=\"https:\/\/www.facebook.com\/bebposidonia.it\" \/>\n<meta property=\"article:modified_time\" content=\"2023-09-20T18:11:39+00:00\" \/>\n<meta property=\"og:image\" content=\"https:\/\/bebposidonia.com\/wp-content\/uploads\/2020\/05\/posidonia-manifesto-4.png\" \/>\n\t<meta property=\"og:image:width\" content=\"1000\" \/>\n\t<meta property=\"og:image:height\" content=\"483\" \/>\n\t<meta property=\"og:image:type\" content=\"image\/png\" \/>\n<meta name=\"twitter:card\" content=\"summary_large_image\" \/>\n<meta name=\"twitter:site\" content=\"@bebposidonia\" \/>\n<meta name=\"twitter:label1\" content=\"Est. reading time\" \/>\n\t<meta name=\"twitter:data1\" content=\"6 minutes\" \/>\n<script type=\"application\/ld+json\" class=\"yoast-schema-graph\">{\"@context\":\"https:\/\/schema.org\",\"@graph\":[{\"@type\":\"WebPage\",\"@id\":\"https:\/\/bebposidonia.com\/regolamento-di-struttura\/\",\"url\":\"https:\/\/bebposidonia.com\/regolamento-di-struttura\/\",\"name\":\"REGOLAMENTO DI STRUTTURA - B&amp;B Posidonia\",\"isPartOf\":{\"@id\":\"https:\/\/bebposidonia.com\/#website\"},\"datePublished\":\"2021-06-15T11:22:28+00:00\",\"dateModified\":\"2023-09-20T18:11:39+00:00\",\"breadcrumb\":{\"@id\":\"https:\/\/bebposidonia.com\/regolamento-di-struttura\/#breadcrumb\"},\"inLanguage\":\"en-US\",\"potentialAction\":[{\"@type\":\"ReadAction\",\"target\":[\"https:\/\/bebposidonia.com\/regolamento-di-struttura\/\"]}]},{\"@type\":\"BreadcrumbList\",\"@id\":\"https:\/\/bebposidonia.com\/regolamento-di-struttura\/#breadcrumb\",\"itemListElement\":[{\"@type\":\"ListItem\",\"position\":1,\"name\":\"Home\",\"item\":\"https:\/\/bebposidonia.com\/\"},{\"@type\":\"ListItem\",\"position\":2,\"name\":\"REGOLAMENTO DI STRUTTURA\"}]},{\"@type\":\"WebSite\",\"@id\":\"https:\/\/bebposidonia.com\/#website\",\"url\":\"https:\/\/bebposidonia.com\/\",\"name\":\"B&amp;B Posidonia\",\"description\":\"A sea of emotions\",\"publisher\":{\"@id\":\"https:\/\/bebposidonia.com\/#organization\"},\"potentialAction\":[{\"@type\":\"SearchAction\",\"target\":{\"@type\":\"EntryPoint\",\"urlTemplate\":\"https:\/\/bebposidonia.com\/?s={search_term_string}\"},\"query-input\":{\"@type\":\"PropertyValueSpecification\",\"valueRequired\":true,\"valueName\":\"search_term_string\"}}],\"inLanguage\":\"en-US\"},{\"@type\":\"Organization\",\"@id\":\"https:\/\/bebposidonia.com\/#organization\",\"name\":\"B&amp;B Posidonia\",\"url\":\"https:\/\/bebposidonia.com\/\",\"logo\":{\"@type\":\"ImageObject\",\"inLanguage\":\"en-US\",\"@id\":\"https:\/\/bebposidonia.com\/#\/schema\/logo\/image\/\",\"url\":\"https:\/\/bebposidonia.com\/wp-content\/uploads\/2020\/05\/logo-ver-colored.png\",\"contentUrl\":\"https:\/\/bebposidonia.com\/wp-content\/uploads\/2020\/05\/logo-ver-colored.png\",\"width\":200,\"height\":126,\"caption\":\"B&amp;B Posidonia\"},\"image\":{\"@id\":\"https:\/\/bebposidonia.com\/#\/schema\/logo\/image\/\"},\"sameAs\":[\"https:\/\/www.facebook.com\/bebposidonia.it\",\"https:\/\/x.com\/bebposidonia\",\"https:\/\/www.instagram.com\/bebposidoniacastellabate\/?hl=it\"]}]}<\/script>\n<!-- \/ Yoast SEO plugin. -->","yoast_head_json":{"title":"REGOLAMENTO DI STRUTTURA - B&amp;B Posidonia","robots":{"index":"index","follow":"follow","max-snippet":"max-snippet:-1","max-image-preview":"max-image-preview:large","max-video-preview":"max-video-preview:-1"},"canonical":"https:\/\/bebposidonia.com\/regolamento-di-struttura\/","og_locale":"en_US","og_type":"article","og_title":"REGOLAMENTO DI STRUTTURA - B&amp;B Posidonia","og_url":"https:\/\/bebposidonia.com\/regolamento-di-struttura\/","og_site_name":"B&amp;B Posidonia","article_publisher":"https:\/\/www.facebook.com\/bebposidonia.it","article_modified_time":"2023-09-20T18:11:39+00:00","og_image":[{"width":1000,"height":483,"url":"https:\/\/bebposidonia.com\/wp-content\/uploads\/2020\/05\/posidonia-manifesto-4.png","type":"image\/png"}],"twitter_card":"summary_large_image","twitter_site":"@bebposidonia","twitter_misc":{"Est. reading time":"6 minutes"},"schema":{"@context":"https:\/\/schema.org","@graph":[{"@type":"WebPage","@id":"https:\/\/bebposidonia.com\/regolamento-di-struttura\/","url":"https:\/\/bebposidonia.com\/regolamento-di-struttura\/","name":"REGOLAMENTO DI STRUTTURA - B&amp;B Posidonia","isPartOf":{"@id":"https:\/\/bebposidonia.com\/#website"},"datePublished":"2021-06-15T11:22:28+00:00","dateModified":"2023-09-20T18:11:39+00:00","breadcrumb":{"@id":"https:\/\/bebposidonia.com\/regolamento-di-struttura\/#breadcrumb"},"inLanguage":"en-US","potentialAction":[{"@type":"ReadAction","target":["https:\/\/bebposidonia.com\/regolamento-di-struttura\/"]}]},{"@type":"BreadcrumbList","@id":"https:\/\/bebposidonia.com\/regolamento-di-struttura\/#breadcrumb","itemListElement":[{"@type":"ListItem","position":1,"name":"Home","item":"https:\/\/bebposidonia.com\/"},{"@type":"ListItem","position":2,"name":"REGOLAMENTO DI STRUTTURA"}]},{"@type":"WebSite","@id":"https:\/\/bebposidonia.com\/#website","url":"https:\/\/bebposidonia.com\/","name":"B&amp;B Posidonia","description":"A sea of emotions","publisher":{"@id":"https:\/\/bebposidonia.com\/#organization"},"potentialAction":[{"@type":"SearchAction","target":{"@type":"EntryPoint","urlTemplate":"https:\/\/bebposidonia.com\/?s={search_term_string}"},"query-input":{"@type":"PropertyValueSpecification","valueRequired":true,"valueName":"search_term_string"}}],"inLanguage":"en-US"},{"@type":"Organization","@id":"https:\/\/bebposidonia.com\/#organization","name":"B&amp;B Posidonia","url":"https:\/\/bebposidonia.com\/","logo":{"@type":"ImageObject","inLanguage":"en-US","@id":"https:\/\/bebposidonia.com\/#\/schema\/logo\/image\/","url":"https:\/\/bebposidonia.com\/wp-content\/uploads\/2020\/05\/logo-ver-colored.png","contentUrl":"https:\/\/bebposidonia.com\/wp-content\/uploads\/2020\/05\/logo-ver-colored.png","width":200,"height":126,"caption":"B&amp;B Posidonia"},"image":{"@id":"https:\/\/bebposidonia.com\/#\/schema\/logo\/image\/"},"sameAs":["https:\/\/www.facebook.com\/bebposidonia.it","https:\/\/x.com\/bebposidonia","https:\/\/www.instagram.com\/bebposidoniacastellabate\/?hl=it"]}]}},"jetpack_sharing_enabled":true,"_links":{"self":[{"href":"https:\/\/bebposidonia.com\/en\/wp-json\/wp\/v2\/pages\/415","targetHints":{"allow":["GET"]}}],"collection":[{"href":"https:\/\/bebposidonia.com\/en\/wp-json\/wp\/v2\/pages"}],"about":[{"href":"https:\/\/bebposidonia.com\/en\/wp-json\/wp\/v2\/types\/page"}],"author":[{"embeddable":true,"href":"https:\/\/bebposidonia.com\/en\/wp-json\/wp\/v2\/users\/1"}],"replies":[{"embeddable":true,"href":"https:\/\/bebposidonia.com\/en\/wp-json\/wp\/v2\/comments?post=415"}],"version-history":[{"count":8,"href":"https:\/\/bebposidonia.com\/en\/wp-json\/wp\/v2\/pages\/415\/revisions"}],"predecessor-version":[{"id":519,"href":"https:\/\/bebposidonia.com\/en\/wp-json\/wp\/v2\/pages\/415\/revisions\/519"}],"wp:attachment":[{"href":"https:\/\/bebposidonia.com\/en\/wp-json\/wp\/v2\/media?parent=415"}],"curies":[{"name":"wp","href":"https:\/\/api.w.org\/{rel}","templated":true}]}}