{"id":177,"date":"2020-02-15T18:10:12","date_gmt":"2020-02-15T18:10:12","guid":{"rendered":"https:\/\/bebposidonia.com\/?page_id=177"},"modified":"2023-07-25T15:23:55","modified_gmt":"2023-07-25T15:23:55","slug":"bb-castellabate-benvenuti-al-bed-and-breakfast-posidonia-home-chi-siamo","status":"publish","type":"page","link":"https:\/\/bebposidonia.com\/en\/bb-castellabate-benvenuti-al-bed-and-breakfast-posidonia-home-chi-siamo\/","title":{"rendered":"Benvenuti al bed and breakfast Posidonia\u00a0\u00a0"},"content":{"rendered":"\n<figure class=\"wp-block-gallery aligncenter has-nested-images columns-default is-cropped wp-block-gallery-1 is-layout-flex wp-block-gallery-is-layout-flex\">\n<figure class=\"wp-block-image size-large\"><img loading=\"lazy\" decoding=\"async\" width=\"1000\" height=\"483\" data-id=\"276\" src=\"https:\/\/bebposidonia.com\/wp-content\/uploads\/2020\/05\/posidonia-manifesto-4.png\" alt=\"\" class=\"wp-image-276\" srcset=\"https:\/\/bebposidonia.com\/wp-content\/uploads\/2020\/05\/posidonia-manifesto-4.png 1000w, https:\/\/bebposidonia.com\/wp-content\/uploads\/2020\/05\/posidonia-manifesto-4-300x145.png 300w, https:\/\/bebposidonia.com\/wp-content\/uploads\/2020\/05\/posidonia-manifesto-4-768x371.png 768w\" sizes=\"auto, (max-width: 1000px) 100vw, 1000px\" \/><\/figure>\n<\/figure>\n\n\n\n<p>Esplorate le magnifiche colline verdi che si ergono maestose sulla costa frastagliata bagnata dal mar Tirreno. Immerso nel piccolo borgo di Castellabate, il nostro B&amp;B Posidonia offre un rifugio accogliente nelle sue viuzze che conducono al mare.&nbsp;<\/p>\n\n\n\n<p>I nostri spazi raccolti e arredati con garbo, le stanze luminose e confortevoli, sono impregnate del profumo del mare che si trova a pochi passi di distanza. La zona living vi avvolger\u00e0 con l&#8217;odore invitante dei dolciumi fatti in casa, per una colazione genuina. Presso il B&amp;B Posidonia a Santa Maria di Castellabate, la sensazione di essere a casa si fonde con la gentilezza e la disponibilit\u00e0 dei nostri proprietari.&nbsp;<\/p>\n\n\n\n<p>Il nostro bed and breakfast a Santa Maria di Castellabate \u00e8 il luogo ideale per trascorrere momenti sereni, godendo della pace di questa localit\u00e0 serafica che garantisce la riservatezza dei nostri ospiti. Allo stesso tempo, grazie alla sua posizione strategica, offre ai clienti la possibilit\u00e0 di immergersi nelle straordinarie bellezze naturali e nell&#8217;energia vibrante di un fantastico Cilento.&nbsp;<\/p>\n\n\n\n<p>Ubicato nel cuore del centro storico di Santa Maria di Castellabate, il B&amp;B Posidonia si trova in un edificio di recente costruzione, a breve distanza dalle spiagge, dai negozi e dai numerosi luoghi d&#8217;interesse storico che caratterizzano Santa Maria di Castellabate, in provincia di Salerno.&nbsp;<\/p>\n\n\n\n<p>Prenotate ora il vostro soggiorno al miglior B&amp;B di Castellabate e immergetevi nella bellezza senza pari di questa incantevole destinazione. Siamo pronti ad accogliervi con il calore e l&#8217;ospitalit\u00e0 che solo il B&amp;B Posidonia sa offrire.&nbsp;<\/p>\n\n\n\n<h2 class=\"has-text-align-center wp-block-heading\"> Il B&amp;B Posidonia: l&#8217;incantevole bed and breakfast a Castellabate\u00a0<\/h2>\n\n\n\n<p class=\"has-text-align-left\">Nel 2015, \u00e8 nato il B&amp;B Posidonia, frutto di un lungo e prezioso progetto portato avanti dagli attuali proprietari nel corso del tempo. Questa splendida idea affonda le sue radici nel desiderio che \u00e8 nato nel passato e non \u00e8 mai stato abbandonato: creare un&#8217;accogliente struttura a Santa Maria di Castellabate, a pochi passi dalle meravigliose spiagge dorate, un rifugio intimo che sapesse trasmettere un&#8217;atmosfera familiare e che offrisse un&#8217;attenzione premurosa ai suoi ospiti. Nel 2015, il sogno si \u00e8 finalmente realizzato: gli intenti di una vita hanno preso forma e oggi il B&amp;B Posidonia continua ad andare avanti grazie all&#8217;impegno costante e alla dedizione instancabile dei suoi proprietari, che si dedicano ogni giorno a migliorare se stessi e la loro struttura.\u00a0<\/p>\n\n\n\n<h3 class=\"has-text-align-center wp-block-heading\"> B&amp;B &#8211; Santa Maria &#8211; Castellabate | un progetto familiare<\/h3>\n\n\n\n<p>Il B&amp;B Posidonia \u00e8 gestito come un&#8217;affascinante impresa familiare, ma \u00e8 molto pi\u00f9 di un semplice lavoro: \u00e8 un vero progetto di vita che coinvolge l&#8217;intera famiglia, offrendo un&#8217;assistenza attiva ai propri clienti 24 ore su 24. E infatti, presso il B&amp;B Posidonia a Castellabate, ci si sente immediatamente a proprio agio, come se si fosse a casa propria, grazie alla calorosa cordialit\u00e0 dei proprietari.&nbsp;<\/p>\n\n\n\n<p>Presso il B&amp;B Posidonia, siamo premurosi nei confronti dei nostri ospiti, cercando di soddisfare ogni loro esigenza e offrendo un servizio meticoloso e di alta qualit\u00e0, proprio come la Posidonia oceanica che nutre e protegge gli animali e le piante marine che ospita all&#8217;interno di s\u00e9.&nbsp;<\/p>\n\n\n\n<p>Prenotate il vostro soggiorno presso il meraviglioso B&amp;B Posidonia a Castellabate e immergetevi in un&#8217;esperienza indimenticabile, dove l&#8217;ospitalit\u00e0, l&#8217;amore per i dettagli e l&#8217;armonia con la natura si fondono per regalarvi momenti di pura serenit\u00e0. Siamo pronti ad accogliervi con entusiasmo e a garantirvi un soggiorno indimenticabile.&nbsp;<\/p>\n\n\n\n<p class=\"has-text-align-center\">  <\/p>\n\n\n\n<figure class=\"wp-block-gallery has-nested-images columns-default is-cropped wp-block-gallery-2 is-layout-flex wp-block-gallery-is-layout-flex\">\n<figure class=\"wp-block-image size-large\"><img loading=\"lazy\" decoding=\"async\" width=\"1024\" height=\"683\" data-id=\"180\" src=\"https:\/\/bebposidonia.com\/wp-content\/uploads\/2020\/02\/DSC_4196-1024x683.jpg\" alt=\"\" class=\"wp-image-180\" srcset=\"https:\/\/bebposidonia.com\/wp-content\/uploads\/2020\/02\/DSC_4196-1024x683.jpg 1024w, https:\/\/bebposidonia.com\/wp-content\/uploads\/2020\/02\/DSC_4196-300x200.jpg 300w, https:\/\/bebposidonia.com\/wp-content\/uploads\/2020\/02\/DSC_4196-768x512.jpg 768w, https:\/\/bebposidonia.com\/wp-content\/uploads\/2020\/02\/DSC_4196-1536x1024.jpg 1536w, https:\/\/bebposidonia.com\/wp-content\/uploads\/2020\/02\/DSC_4196-2048x1365.jpg 2048w\" sizes=\"auto, (max-width: 1024px) 100vw, 1024px\" \/><\/figure>\n\n\n\n<figure class=\"wp-block-image size-large\"><img loading=\"lazy\" decoding=\"async\" width=\"683\" height=\"1024\" data-id=\"182\" src=\"https:\/\/bebposidonia.com\/wp-content\/uploads\/2020\/02\/DSC_4165-683x1024.jpg\" alt=\"\" class=\"wp-image-182\" srcset=\"https:\/\/bebposidonia.com\/wp-content\/uploads\/2020\/02\/DSC_4165-683x1024.jpg 683w, https:\/\/bebposidonia.com\/wp-content\/uploads\/2020\/02\/DSC_4165-200x300.jpg 200w, https:\/\/bebposidonia.com\/wp-content\/uploads\/2020\/02\/DSC_4165-768x1152.jpg 768w, https:\/\/bebposidonia.com\/wp-content\/uploads\/2020\/02\/DSC_4165-1024x1536.jpg 1024w, https:\/\/bebposidonia.com\/wp-content\/uploads\/2020\/02\/DSC_4165-1365x2048.jpg 1365w, https:\/\/bebposidonia.com\/wp-content\/uploads\/2020\/02\/DSC_4165-scaled.jpg 1707w\" sizes=\"auto, (max-width: 683px) 100vw, 683px\" \/><\/figure>\n\n\n\n<figure class=\"wp-block-image size-large\"><img loading=\"lazy\" decoding=\"async\" width=\"683\" height=\"1024\" data-id=\"184\" src=\"https:\/\/bebposidonia.com\/wp-content\/uploads\/2020\/02\/DSC_4194-683x1024.jpg\" alt=\"\" class=\"wp-image-184\" srcset=\"https:\/\/bebposidonia.com\/wp-content\/uploads\/2020\/02\/DSC_4194-683x1024.jpg 683w, https:\/\/bebposidonia.com\/wp-content\/uploads\/2020\/02\/DSC_4194-200x300.jpg 200w, https:\/\/bebposidonia.com\/wp-content\/uploads\/2020\/02\/DSC_4194-768x1152.jpg 768w, https:\/\/bebposidonia.com\/wp-content\/uploads\/2020\/02\/DSC_4194-1024x1536.jpg 1024w, https:\/\/bebposidonia.com\/wp-content\/uploads\/2020\/02\/DSC_4194-1365x2048.jpg 1365w, https:\/\/bebposidonia.com\/wp-content\/uploads\/2020\/02\/DSC_4194-scaled.jpg 1707w\" sizes=\"auto, (max-width: 683px) 100vw, 683px\" \/><\/figure>\n<\/figure>\n\n\n\n<figure class=\"wp-block-image size-large\"><img loading=\"lazy\" decoding=\"async\" width=\"1024\" height=\"683\" src=\"https:\/\/bebposidonia.com\/wp-content\/uploads\/2020\/02\/DSC_1373-1024x683.jpg\" alt=\"\" class=\"wp-image-93\" srcset=\"https:\/\/bebposidonia.com\/wp-content\/uploads\/2020\/02\/DSC_1373-1024x683.jpg 1024w, https:\/\/bebposidonia.com\/wp-content\/uploads\/2020\/02\/DSC_1373-300x200.jpg 300w, https:\/\/bebposidonia.com\/wp-content\/uploads\/2020\/02\/DSC_1373-768x512.jpg 768w, https:\/\/bebposidonia.com\/wp-content\/uploads\/2020\/02\/DSC_1373-1536x1024.jpg 1536w, https:\/\/bebposidonia.com\/wp-content\/uploads\/2020\/02\/DSC_1373-2048x1365.jpg 2048w\" sizes=\"auto, (max-width: 1024px) 100vw, 1024px\" \/><\/figure>\n\n\n\n<p><\/p>\n\n\n\n<h2 class=\"has-text-align-center wp-block-heading\">Il B&amp;B Posidonia: la dimora ideale per le tue vacanze a Castellabate<\/h2>\n\n\n\n<p class=\"has-text-align-left\">Il B&amp;B Posidonia a Santa Maria di Castellabate offre un&#8217;accogliente sistemazione per tutta l&#8217;anno. Le tre camere da letto del B&amp;B a Castellabate Posidonia sono appositamente progettate per ospitare sia fumatori che non fumatori, coppie e famiglie. Ogni camera \u00e8 dedicata a un vento che soffia impetuoso nel Mediterraneo, portando via lo stress della vita quotidiana e permettendo agli ospiti di godere di una piacevole brezza marina.\u00a0<\/p>\n\n\n\n<p class=\"has-text-align-left\"> <br>Prenotare al B&amp;B a Castellabate Posidonia significa respirare aria fresca e serena. Durante l&#8217;estate, potrete godervi l&#8217;aria marina protetta e partecipare a eventi emozionanti come la notte bianca, la festa di Santa Maria a Mare ad agosto, la Stuzza (gare in mare) e la rassegna musicale Vento d&#8217;Estate. Ma il B&amp;B Posidonia \u00e8 anche un rifugio perfetto durante le stagioni pi\u00f9 miti, per esplorare la natura incontaminata dell&#8217;entroterra o partecipare a manifestazioni locali come la notte bianca invernale, il Carnevale e la manifestazione Saperi e Sapori di un antico borgo marinaro.\u00a0<\/p>\n\n\n\n<p class=\"has-text-align-center\"><br><\/p>\n\n\n\n<p>Le camere del B&amp;B Posidonia sono arredate con colori predominanti di azzurro, bianco e arancio, che favoriscono il relax e la pace dei sensi. L&#8217;arredamento minimalista e funzionale soddisfer\u00e0 tutte le vostre esigenze.&nbsp;<\/p>\n\n\n\n<p>Le camere del B&amp;B Posidonia a Castellabate Posidonia includono tre tipologie. La spaziosa camera Furano pu\u00f2 ospitare fino a quattro persone ed \u00e8 dotata di un bagno privato completo. La camera Maestrale, ideale per due o tre persone, offre comfort e un bagno privato. Infine, la camera Scirocco \u00e8 una camera matrimoniale con ingresso indipendente e bagno privato.&nbsp;<\/p>\n\n\n\n<p>Ogni camera del B&amp;B Posidonia \u00e8 dotata di tutti i comfort necessari, tra cui bagno privato, TV satellitare, connessione Internet ad alta velocit\u00e0 con Wi-Fi gratuito, aria condizionata e servizio in camera su richiesta. Il B&amp;B Posidonia offre anche un parcheggio interno gratuito per i veicoli degli ospiti e un affidabile servizio di babysitting per coloro che desiderano godersi momenti di totale tranquillit\u00e0.&nbsp;<\/p>\n\n\n\n<p>Al mattino, lo staff del B&amp;B Posidonia offre una colazione abbondante a buffet nella vivace zona living, con deliziosi dolci fatti in casa come ciambelle e crostate.&nbsp;<\/p>\n\n\n\n<p>Su richiesta, il B&amp;B Posidonia pu\u00f2 organizzare pranzi e cene in collaborazione con i ristoranti locali, offrendo ai suoi ospiti l&#8217;opportunit\u00e0 di assaporare le delizie culinarie della regione, realizzate con ingredienti di alta qualit\u00e0 e creativit\u00e0.&nbsp;<\/p>\n\n\n\n<p>Durante il vostro soggiorno presso il B&amp;B Posidonia a Castellabate, potrete trascorrere piacevoli momenti di svago nella zona living, con la possibilit\u00e0 di guardare la TV o immergervi in una vasta selezione di libri dalla biblioteca.&nbsp;<\/p>\n\n\n\n<p>La posizione eccezionale del B&amp;B Posidonia a Santa Maria di Castellabate vi permetter\u00e0 di esplorare la pittoresca bellezza di questa localit\u00e0 con brevi e piacevoli passeggiate. Situato a pochi metri dalle spiagge di Marina Piccola e Pozzillo, nel cuore del centro storico e vicino ai negozi, il B&amp;B Posidonia vi offre tutto ci\u00f2 che desiderate proprio a pochi passi.&nbsp;<\/p>\n\n\n\n<p>Prenotate subito il vostro soggiorno presso il meraviglioso B&amp;B Posidonia a Castellabate e godetevi una vacanza indimenticabile tra paesaggi mozzafiato, comfort esclusivi e l&#8217;ospitalit\u00e0 calorosa della nostra struttura.&nbsp;<\/p>\n\n\n\n<a id=\"contact\" class=\"contact-anchor\"><\/a>\n\n\n\n<h2 class=\"has-text-align-center\">Contattaci<\/h2>\n\n\n\n<div class=\"contact-row pt-flex\"><div><ul><li><i class=\"fa fa-whatsapp\"><\/i> <b>Numero<\/b>: IT +39 392 363 2704 <\/li><\/ul><\/div><div><ul><li><i class=\"fa fa-envelope\"><\/i> <b>Email:<\/b>   bebposidonia@gmail.com<\/li><\/ul><\/div>\n<div><ul><li><a title=\"Link Posizione\" target=\"_blank\" href=\"https:\/\/g.page\/bebposidonia-it?share\" rel=\"noopener noreferrer\"><i class=\"fa fa-map-marker\"><\/i>&nbsp;&nbsp;Via P. M. Comunale, 33, 84048 Castellabate SA<\/a><\/li><\/ul><\/div>\n<\/div>\n<iframe loading=\"lazy\" src=\"https:\/\/www.google.com\/maps\/embed?pb=!1m18!1m12!1m3!1d3043.6285885640104!2d14.945176815391898!3d40.283999979380745!2m3!1f0!2f0!3f0!3m2!1i1024!2i768!4f13.1!3m3!1m2!1s0x133c00c9b6ec5081%3A0x458967bcd4c2e600!2sB%26B%20Posidonia!5e0!3m2!1sit!2sit!4v1588345094226!5m2!1sit!2sit\" width=\"100%\" height=\"600\" frameborder=\"0\" style=\"border:0;\" allowfullscreen=\"\" aria-hidden=\"false\" tabindex=\"0\"><\/iframe>\n","protected":false},"excerpt":{"rendered":"<p>Esplorate le magnifiche colline verdi che si ergono maestose sulla costa frastagliata bagnata dal mar Tirreno. Immerso nel piccolo borgo di Castellabate, il nostro B&amp;B Posidonia offre un rifugio accogliente nelle sue viuzze che conducono al mare.&nbsp; I nostri spazi raccolti e arredati con garbo, le stanze luminose e confortevoli, sono impregnate del profumo del&#8230;<\/p>\n","protected":false},"author":2,"featured_media":179,"parent":0,"menu_order":0,"comment_status":"closed","ping_status":"closed","template":"page-templates\/template-about.php","meta":{"footnotes":""},"class_list":["post-177","page","type-page","status-publish","has-post-thumbnail","hentry","pt-post-wrap"],"translation":{"provider":"WPGlobus","version":"3.0.2","language":"en","enabled_languages":["it","en"],"languages":{"it":{"title":true,"content":true,"excerpt":false},"en":{"title":false,"content":false,"excerpt":false}}},"yoast_head":"<!-- This site is optimized with the Yoast SEO plugin v27.0 - https:\/\/yoast.com\/product\/yoast-seo-wordpress\/ -->\n<title>Benvenuti al bed and breakfast Posidonia\u00a0\u00a0 - B&amp;B Posidonia<\/title>\n<meta name=\"robots\" content=\"index, follow, max-snippet:-1, max-image-preview:large, max-video-preview:-1\" \/>\n<link rel=\"canonical\" href=\"https:\/\/bebposidonia.com\/bb-castellabate-benvenuti-al-bed-and-breakfast-posidonia-home-chi-siamo\/\" \/>\n<meta property=\"og:locale\" content=\"en_US\" \/>\n<meta property=\"og:type\" content=\"article\" \/>\n<meta property=\"og:title\" content=\"Benvenuti al bed and breakfast Posidonia\u00a0\u00a0 - B&amp;B Posidonia\" \/>\n<meta property=\"og:url\" content=\"https:\/\/bebposidonia.com\/bb-castellabate-benvenuti-al-bed-and-breakfast-posidonia-home-chi-siamo\/\" \/>\n<meta property=\"og:site_name\" content=\"B&amp;B Posidonia\" \/>\n<meta property=\"article:publisher\" content=\"https:\/\/www.facebook.com\/bebposidonia.it\" \/>\n<meta property=\"article:modified_time\" content=\"2023-07-25T15:23:55+00:00\" \/>\n<meta property=\"og:image\" content=\"https:\/\/bebposidonia.com\/wp-content\/uploads\/2020\/02\/image10.png\" \/>\n\t<meta property=\"og:image:width\" content=\"1461\" \/>\n\t<meta property=\"og:image:height\" content=\"469\" \/>\n\t<meta property=\"og:image:type\" content=\"image\/png\" \/>\n<meta name=\"twitter:card\" content=\"summary_large_image\" \/>\n<meta name=\"twitter:site\" content=\"@bebposidonia\" \/>\n<meta name=\"twitter:label1\" content=\"Est. reading time\" \/>\n\t<meta name=\"twitter:data1\" content=\"7 minutes\" \/>\n<script type=\"application\/ld+json\" class=\"yoast-schema-graph\">{\"@context\":\"https:\/\/schema.org\",\"@graph\":[{\"@type\":\"WebPage\",\"@id\":\"https:\/\/bebposidonia.com\/bb-castellabate-benvenuti-al-bed-and-breakfast-posidonia-home-chi-siamo\/\",\"url\":\"https:\/\/bebposidonia.com\/bb-castellabate-benvenuti-al-bed-and-breakfast-posidonia-home-chi-siamo\/\",\"name\":\"Benvenuti al bed and breakfast Posidonia\u00a0\u00a0 - B&amp;B Posidonia\",\"isPartOf\":{\"@id\":\"https:\/\/bebposidonia.com\/#website\"},\"primaryImageOfPage\":{\"@id\":\"https:\/\/bebposidonia.com\/bb-castellabate-benvenuti-al-bed-and-breakfast-posidonia-home-chi-siamo\/#primaryimage\"},\"image\":{\"@id\":\"https:\/\/bebposidonia.com\/bb-castellabate-benvenuti-al-bed-and-breakfast-posidonia-home-chi-siamo\/#primaryimage\"},\"thumbnailUrl\":\"https:\/\/bebposidonia.com\/wp-content\/uploads\/2020\/02\/image10.png\",\"datePublished\":\"2020-02-15T18:10:12+00:00\",\"dateModified\":\"2023-07-25T15:23:55+00:00\",\"breadcrumb\":{\"@id\":\"https:\/\/bebposidonia.com\/bb-castellabate-benvenuti-al-bed-and-breakfast-posidonia-home-chi-siamo\/#breadcrumb\"},\"inLanguage\":\"en-US\",\"potentialAction\":[{\"@type\":\"ReadAction\",\"target\":[\"https:\/\/bebposidonia.com\/bb-castellabate-benvenuti-al-bed-and-breakfast-posidonia-home-chi-siamo\/\"]}]},{\"@type\":\"ImageObject\",\"inLanguage\":\"en-US\",\"@id\":\"https:\/\/bebposidonia.com\/bb-castellabate-benvenuti-al-bed-and-breakfast-posidonia-home-chi-siamo\/#primaryimage\",\"url\":\"https:\/\/bebposidonia.com\/wp-content\/uploads\/2020\/02\/image10.png\",\"contentUrl\":\"https:\/\/bebposidonia.com\/wp-content\/uploads\/2020\/02\/image10.png\",\"width\":1461,\"height\":469},{\"@type\":\"BreadcrumbList\",\"@id\":\"https:\/\/bebposidonia.com\/bb-castellabate-benvenuti-al-bed-and-breakfast-posidonia-home-chi-siamo\/#breadcrumb\",\"itemListElement\":[{\"@type\":\"ListItem\",\"position\":1,\"name\":\"Home\",\"item\":\"https:\/\/bebposidonia.com\/\"},{\"@type\":\"ListItem\",\"position\":2,\"name\":\"Benvenuti al bed and breakfast Posidonia\u00a0\u00a0\"}]},{\"@type\":\"WebSite\",\"@id\":\"https:\/\/bebposidonia.com\/#website\",\"url\":\"https:\/\/bebposidonia.com\/\",\"name\":\"B&amp;B Posidonia\",\"description\":\"A sea of emotions\",\"publisher\":{\"@id\":\"https:\/\/bebposidonia.com\/#organization\"},\"potentialAction\":[{\"@type\":\"SearchAction\",\"target\":{\"@type\":\"EntryPoint\",\"urlTemplate\":\"https:\/\/bebposidonia.com\/?s={search_term_string}\"},\"query-input\":{\"@type\":\"PropertyValueSpecification\",\"valueRequired\":true,\"valueName\":\"search_term_string\"}}],\"inLanguage\":\"en-US\"},{\"@type\":\"Organization\",\"@id\":\"https:\/\/bebposidonia.com\/#organization\",\"name\":\"B&amp;B Posidonia\",\"url\":\"https:\/\/bebposidonia.com\/\",\"logo\":{\"@type\":\"ImageObject\",\"inLanguage\":\"en-US\",\"@id\":\"https:\/\/bebposidonia.com\/#\/schema\/logo\/image\/\",\"url\":\"https:\/\/bebposidonia.com\/wp-content\/uploads\/2020\/05\/logo-ver-colored.png\",\"contentUrl\":\"https:\/\/bebposidonia.com\/wp-content\/uploads\/2020\/05\/logo-ver-colored.png\",\"width\":200,\"height\":126,\"caption\":\"B&amp;B Posidonia\"},\"image\":{\"@id\":\"https:\/\/bebposidonia.com\/#\/schema\/logo\/image\/\"},\"sameAs\":[\"https:\/\/www.facebook.com\/bebposidonia.it\",\"https:\/\/x.com\/bebposidonia\",\"https:\/\/www.instagram.com\/bebposidoniacastellabate\/?hl=it\"]}]}<\/script>\n<!-- \/ Yoast SEO plugin. -->","yoast_head_json":{"title":"Benvenuti al bed and breakfast Posidonia\u00a0\u00a0 - B&amp;B Posidonia","robots":{"index":"index","follow":"follow","max-snippet":"max-snippet:-1","max-image-preview":"max-image-preview:large","max-video-preview":"max-video-preview:-1"},"canonical":"https:\/\/bebposidonia.com\/bb-castellabate-benvenuti-al-bed-and-breakfast-posidonia-home-chi-siamo\/","og_locale":"en_US","og_type":"article","og_title":"Benvenuti al bed and breakfast Posidonia\u00a0\u00a0 - B&amp;B Posidonia","og_url":"https:\/\/bebposidonia.com\/bb-castellabate-benvenuti-al-bed-and-breakfast-posidonia-home-chi-siamo\/","og_site_name":"B&amp;B Posidonia","article_publisher":"https:\/\/www.facebook.com\/bebposidonia.it","article_modified_time":"2023-07-25T15:23:55+00:00","og_image":[{"width":1461,"height":469,"url":"https:\/\/bebposidonia.com\/wp-content\/uploads\/2020\/02\/image10.png","type":"image\/png"}],"twitter_card":"summary_large_image","twitter_site":"@bebposidonia","twitter_misc":{"Est. reading time":"7 minutes"},"schema":{"@context":"https:\/\/schema.org","@graph":[{"@type":"WebPage","@id":"https:\/\/bebposidonia.com\/bb-castellabate-benvenuti-al-bed-and-breakfast-posidonia-home-chi-siamo\/","url":"https:\/\/bebposidonia.com\/bb-castellabate-benvenuti-al-bed-and-breakfast-posidonia-home-chi-siamo\/","name":"Benvenuti al bed and breakfast Posidonia\u00a0\u00a0 - B&amp;B Posidonia","isPartOf":{"@id":"https:\/\/bebposidonia.com\/#website"},"primaryImageOfPage":{"@id":"https:\/\/bebposidonia.com\/bb-castellabate-benvenuti-al-bed-and-breakfast-posidonia-home-chi-siamo\/#primaryimage"},"image":{"@id":"https:\/\/bebposidonia.com\/bb-castellabate-benvenuti-al-bed-and-breakfast-posidonia-home-chi-siamo\/#primaryimage"},"thumbnailUrl":"https:\/\/bebposidonia.com\/wp-content\/uploads\/2020\/02\/image10.png","datePublished":"2020-02-15T18:10:12+00:00","dateModified":"2023-07-25T15:23:55+00:00","breadcrumb":{"@id":"https:\/\/bebposidonia.com\/bb-castellabate-benvenuti-al-bed-and-breakfast-posidonia-home-chi-siamo\/#breadcrumb"},"inLanguage":"en-US","potentialAction":[{"@type":"ReadAction","target":["https:\/\/bebposidonia.com\/bb-castellabate-benvenuti-al-bed-and-breakfast-posidonia-home-chi-siamo\/"]}]},{"@type":"ImageObject","inLanguage":"en-US","@id":"https:\/\/bebposidonia.com\/bb-castellabate-benvenuti-al-bed-and-breakfast-posidonia-home-chi-siamo\/#primaryimage","url":"https:\/\/bebposidonia.com\/wp-content\/uploads\/2020\/02\/image10.png","contentUrl":"https:\/\/bebposidonia.com\/wp-content\/uploads\/2020\/02\/image10.png","width":1461,"height":469},{"@type":"BreadcrumbList","@id":"https:\/\/bebposidonia.com\/bb-castellabate-benvenuti-al-bed-and-breakfast-posidonia-home-chi-siamo\/#breadcrumb","itemListElement":[{"@type":"ListItem","position":1,"name":"Home","item":"https:\/\/bebposidonia.com\/"},{"@type":"ListItem","position":2,"name":"Benvenuti al bed and breakfast Posidonia\u00a0\u00a0"}]},{"@type":"WebSite","@id":"https:\/\/bebposidonia.com\/#website","url":"https:\/\/bebposidonia.com\/","name":"B&amp;B Posidonia","description":"A sea of emotions","publisher":{"@id":"https:\/\/bebposidonia.com\/#organization"},"potentialAction":[{"@type":"SearchAction","target":{"@type":"EntryPoint","urlTemplate":"https:\/\/bebposidonia.com\/?s={search_term_string}"},"query-input":{"@type":"PropertyValueSpecification","valueRequired":true,"valueName":"search_term_string"}}],"inLanguage":"en-US"},{"@type":"Organization","@id":"https:\/\/bebposidonia.com\/#organization","name":"B&amp;B Posidonia","url":"https:\/\/bebposidonia.com\/","logo":{"@type":"ImageObject","inLanguage":"en-US","@id":"https:\/\/bebposidonia.com\/#\/schema\/logo\/image\/","url":"https:\/\/bebposidonia.com\/wp-content\/uploads\/2020\/05\/logo-ver-colored.png","contentUrl":"https:\/\/bebposidonia.com\/wp-content\/uploads\/2020\/05\/logo-ver-colored.png","width":200,"height":126,"caption":"B&amp;B Posidonia"},"image":{"@id":"https:\/\/bebposidonia.com\/#\/schema\/logo\/image\/"},"sameAs":["https:\/\/www.facebook.com\/bebposidonia.it","https:\/\/x.com\/bebposidonia","https:\/\/www.instagram.com\/bebposidoniacastellabate\/?hl=it"]}]}},"jetpack_sharing_enabled":true,"_links":{"self":[{"href":"https:\/\/bebposidonia.com\/en\/wp-json\/wp\/v2\/pages\/177","targetHints":{"allow":["GET"]}}],"collection":[{"href":"https:\/\/bebposidonia.com\/en\/wp-json\/wp\/v2\/pages"}],"about":[{"href":"https:\/\/bebposidonia.com\/en\/wp-json\/wp\/v2\/types\/page"}],"author":[{"embeddable":true,"href":"https:\/\/bebposidonia.com\/en\/wp-json\/wp\/v2\/users\/2"}],"replies":[{"embeddable":true,"href":"https:\/\/bebposidonia.com\/en\/wp-json\/wp\/v2\/comments?post=177"}],"version-history":[{"count":9,"href":"https:\/\/bebposidonia.com\/en\/wp-json\/wp\/v2\/pages\/177\/revisions"}],"predecessor-version":[{"id":481,"href":"https:\/\/bebposidonia.com\/en\/wp-json\/wp\/v2\/pages\/177\/revisions\/481"}],"wp:featuredmedia":[{"embeddable":true,"href":"https:\/\/bebposidonia.com\/en\/wp-json\/wp\/v2\/media\/179"}],"wp:attachment":[{"href":"https:\/\/bebposidonia.com\/en\/wp-json\/wp\/v2\/media?parent=177"}],"curies":[{"name":"wp","href":"https:\/\/api.w.org\/{rel}","templated":true}]}}